{"id":992619,"date":"2024-03-29T23:13:59","date_gmt":"2024-03-29T23:13:59","guid":{"rendered":"https:\/\/collified.com\/?page_id=992619"},"modified":"2025-01-28T07:48:42","modified_gmt":"2025-01-28T07:48:42","slug":"unsere-herangehensweise-an-digitales-marketing","status":"publish","type":"page","link":"https:\/\/collified.com\/de\/unsere-herangehensweise-an-digitales-marketing\/","title":{"rendered":"Unsere Herangehensweise an digitales Marketing"},"content":{"rendered":"<h1>Unsere Herangehensweise an digitales Marketing<\/h1>\n<p>Marketing ist eine Disziplin, die strategisch, wissenschaftlich und in Kombination mit Unternehmensf\u00fchrung und \u00d6ffentlichkeitsarbeit betrieben werden muss. Ein Sprichwort wie \u201eEs gibt keine schlechte Werbung\u201c hat in unserem Ansatz keinen Platz. Unser Ziel ist es, die optimale Grundlage zu schaffen, damit unsere Kunden ihre Zielgruppen auf die bestm\u00f6gliche Weise ansprechen k\u00f6nnen.<\/p>\n<p>Dabei kombinieren wir digitale Marketingtools mit universellen Marketingprinzipien, um einen strategischen und effektiven Ansatz zu verfolgen. Unser Fokus liegt darauf, ma\u00dfgeschneiderte L\u00f6sungen zu entwickeln, die nicht nur sichtbare Ergebnisse liefern, sondern auch nachhaltige Beziehungen zwischen unseren Kunden und ihren Zielgruppen aufbauen.<\/p>\n<p><strong>Wie man Marketing nicht betreibt<\/strong><\/p>\n<p>Marketing umfasst, selbst bei allgemeinen Grundprinzipien, ma\u00dfgeschneiderte Ans\u00e4tze, die auf die Bed\u00fcrfnisse von Personen oder Marken abgestimmt sein m\u00fcssen. Die aus fr\u00fcheren Erfahrungen gewonnenen Erkenntnisse k\u00f6nnen wir nur als Referenz f\u00fcr kommende Projekte nutzen, nicht jedoch als starre Blaupause. Genauso betrachten wir auch die in unserer Branche \u00fcblichen Methoden. Wenn wir uns auf unsere Konkurrenz oder fr\u00fchere Projekte st\u00fctzen und deren Vorgehensweisen blind kopieren, k\u00f6nnen wir die Anforderungen eines neuen Projekts niemals erf\u00fcllen. Das ist schlichtweg unm\u00f6glich. Projekte unterscheiden sich sowohl in ihrem Umfang als auch in ihren Inhalten, weshalb es keine Einheitsl\u00f6sung geben kann. Wir nennen dies &#8222;Marketing nach Schema F&#8220; und distanzieren uns konsequent davon.<\/p>\n<p>In Bezug auf die in der digitalen Marketingwelt weit verbreiteten Tricks und Manipulationen verfolgen wir eine \u00e4u\u00dferst strenge Haltung. Selbst wenn ein Kunde uns das Blaue vom Himmel verspricht, verweigern wir jegliche Anwendung von betr\u00fcgerischen oder manipulativen Methoden in ihren Projekten. Dabei ist es f\u00fcr uns besonders wichtig, unseren eigenen Ruf zu sch\u00fctzen und bewusst keine Fehler zu machen, die uns sp\u00e4ter teuer zu stehen kommen k\u00f6nnten.<\/p>\n<p>Ein Beispiel: In unseren SEO-Strategien, die ein wichtiger Bestandteil des digitalen Marketings sind, lehnen wir strikt sogenannte \u201eBlack-Hat\u201c-Methoden ab. Solche unethischen Ans\u00e4tze finden in unserem System keinerlei Anwendung. Stattdessen bieten wir unseren Kunden L\u00f6sungen, die sie langfristig nicht vor rechtliche H\u00fcrden stellen und deren Nutzen durch Protokoll\u00e4nderungen nicht verloren geht.<\/p>\n<p>Es ist ohnehin bewiesen, dass alle mit Tricks und Manipulationen erzielten Ergebnisse letztlich scheitern. Zudem stehen universelle Marketingprinzipien solchen Methoden kritisch gegen\u00fcber und empfehlen sie keineswegs. Betr\u00fcgerisches Marketing ist im Grunde kein Marketing, sondern eine Form von T\u00e4uschung. Nur weil man Schlupfl\u00f6cher ausnutzt, wird ein solches Vorgehen nicht automatisch legal oder legitim.<\/p>\n<p><strong>Unser ganzheitlicher Ansatz<\/strong><\/p>\n<p>Wir betrachten das Konzept von Marketing niemals aus einer einzigen Perspektive. Da es im digitalen Marketing nicht ausreicht, nur technische SEO-Ma\u00dfnahmen umzusetzen, kombinieren wir dieses System mit anderen digitalen Marketingtools, um effektive Ergebnisse zu erzielen.<\/p>\n<p>Das Hauptziel des digitalen Marketings sollte immer die Steigerung der Bekanntheit sein. Daf\u00fcr gibt es keinen Grund, auf Tricks oder Manipulationen zur\u00fcckzugreifen. Einige Unternehmen und Marketingagenturen versuchen jedoch, kurzfristige Erfolge durch Abk\u00fcrzungen wie Betrug oder Manipulation zu erzielen. Andere konzentrieren sich lediglich auf einen einzigen Aspekt und ignorieren dabei das Gesamtbild.<\/p>\n<p>Beide Ans\u00e4tze f\u00fchren unweigerlich zu begrenzten und ineffektiven Ergebnissen. Plattformen, auf denen betr\u00fcgerische L\u00f6sungen angewendet werden, blockieren diese ohnehin, wodurch solche Bem\u00fchungen nutzlos sind. Auf der anderen Seite erreichen Unternehmen oder Marken, die ausschlie\u00dflich auf Werbung setzen, nur so viel Bekanntheit, wie es ihr Budget erlaubt. Ist das Budget ersch\u00f6pft, verschwinden sie aus der digitalen Welt.<\/p>\n<p>Ein ganzheitlicher Marketingansatz hingegen liefert Ergebnisse, die genau den Lehrbuchprinzipien entsprechen. Dabei stehen vier zentrale Schritte im Vordergrund:<\/p>\n<ul>\n<li aria-level=\"1\">Aufbau eines m\u00f6glichst breiten Netzwerks,<\/li>\n<li aria-level=\"1\">Regelm\u00e4\u00dfige Ver\u00f6ffentlichungen,<\/li>\n<li aria-level=\"1\">Aufbau und Pflege von Kundenbeziehungen,<\/li>\n<li aria-level=\"1\">Lernen aus R\u00fcckmeldungen und kontinuierliche Verbesserungen.<\/li>\n<\/ul>\n<p>Diese Elemente sind unverzichtbar \u2013 sowohl im digitalen als auch im traditionellen Marketing. Egal, welche Art von Marketing betrieben wird, diese vier Schritte m\u00fcssen perfekt umgesetzt werden. Daraus wird deutlich, dass Werbung nicht das einzige Element im Marketing ist.<\/p>\n<p>Das soll jedoch nicht bedeuten, dass Werbung unwichtig ist. Im Gegenteil: Werbung ist ein \u00e4u\u00dferst wirksames Instrument, um schnelle Ergebnisse zu erzielen und Systeme in der Anfangsphase zu beleben, wenn die Marketingkan\u00e4le noch nicht vollst\u00e4ndig etabliert sind. \u00c4hnlich wie bei einem neu eingef\u00fchrten Waschmittel, das so lange intensiv beworben wird, bis es gen\u00fcgend Nutzer erreicht hat und sich durch Mund-zu-Mund-Propaganda verbreitet, ben\u00f6tigt auch ein neu aufgebautes digitales Netzwerk oder Marketing-System eine solche Initialz\u00fcndung.<\/p>\n<p>Websites und Social-Media-Kan\u00e4le m\u00fcssen beworben werden, um eine bestimmte Zielgruppe zu erreichen und ihre Aktivit\u00e4ten bekannt zu machen. Dabei ist es entscheidend, wie und wann diese Werbung geschaltet wird. Genau an diesem Punkt analysieren wir die Bed\u00fcrfnisse unserer Kunden auf Basis von Daten und planen strategisch, um zum richtigen Zeitpunkt mit der passenden Menge an Werbung das digitale Marketingnetzwerk zu st\u00e4rken.<\/p>\n<p><strong>Wir lernen st\u00e4ndig dazu<\/strong><\/p>\n<p>Die digitale Welt befindet sich in einem stetigen Wandel und Fortschritt. Analog dazu ver\u00e4ndert sich auch die Welt des digitalen Marketings kontinuierlich. Zum Beispiel werden die Prinzipien der Suchmaschinenoptimierung, die wir als das R\u00fcckgrat des digitalen Marketings betrachten, fast w\u00f6chentlich aktualisiert. In einem solchen Umfeld ist es f\u00fcr eine digitale Marketingagentur unverzichtbar, sich weiterzuentwickeln. Genau so sehen wir das.<\/p>\n<p>Wir nutzen eigene Plattformen f\u00fcr Forschung und Entwicklung, um regelm\u00e4\u00dfig ver\u00f6ffentlichte Algorithmus-Updates zu testen und deren G\u00fcltigkeit zu \u00fcberpr\u00fcfen, bevor wir sie f\u00fcr unsere Kunden anwenden. Dar\u00fcber hinaus f\u00fchren wir auch auf sozialen Medienplattformen kontinuierliche Forschung und Entwicklung durch. In unserer Agentur erhalten nur Personen mit fundierter Expertise \u2013 sowohl durch akademische Abschl\u00fcsse als auch durch praktische Erfahrung \u2013 eine verantwortungsvolle Position. Gleichzeitig stellen wir sicher, dass unser Team unsere Vision teilt. Mehr Wissen bedeutet f\u00fcr uns eine h\u00f6here Erfolgsquote. Unsere Vision ist es, Neues vor allen anderen zu lernen und als Wegweiser f\u00fcr die Zukunft zu agieren.<\/p>\n<p><strong>Wir sind ehrlich<\/strong><\/p>\n<p>Wir arbeiten mit Authentizit\u00e4t und vertreten auch gegen\u00fcber unseren Kunden eine offene Kommunikation. So wie wir darauf verzichten, Zielgruppen, Plattformen oder Algorithmen zu t\u00e4uschen, gehen wir ebenso ehrlich und transparent mit unseren Kunden um.<\/p>\n<p>Die nat\u00fcrliche Konsequenz dieses Ansatzes ist, dass jeder, der mit uns zusammenarbeitet, genau das erh\u00e4lt, was er erwartet. Wir versprechen niemandem g\u00fcnstige Dienstleistungen. Stattdessen verpflichten wir uns, allen die bestm\u00f6gliche Qualit\u00e4t zu bieten.<\/p>\n","protected":false},"excerpt":{"rendered":"<p>Unsere Herangehensweise an digitales Marketing Marketing ist eine Disziplin, die strategisch, wissenschaftlich und in Kombination mit Unternehmensf\u00fchrung und \u00d6ffentlichkeitsarbeit betrieben werden muss. Ein Sprichwort wie \u201eEs gibt keine schlechte Werbung\u201c hat in unserem Ansatz keinen Platz. Unser Ziel ist es, die optimale Grundlage zu schaffen, damit unsere Kunden ihre Zielgruppen auf die bestm\u00f6gliche Weise ansprechen [&#8230;]\n","protected":false},"author":3,"featured_media":0,"parent":0,"menu_order":0,"comment_status":"closed","ping_status":"closed","template":"","meta":{"footnotes":""},"class_list":["post-992619","page","type-page","status-publish","hentry"],"_links":{"self":[{"href":"https:\/\/collified.com\/de\/wp-json\/wp\/v2\/pages\/992619","targetHints":{"allow":["GET"]}}],"collection":[{"href":"https:\/\/collified.com\/de\/wp-json\/wp\/v2\/pages"}],"about":[{"href":"https:\/\/collified.com\/de\/wp-json\/wp\/v2\/types\/page"}],"author":[{"embeddable":true,"href":"https:\/\/collified.com\/de\/wp-json\/wp\/v2\/users\/3"}],"replies":[{"embeddable":true,"href":"https:\/\/collified.com\/de\/wp-json\/wp\/v2\/comments?post=992619"}],"version-history":[{"count":2,"href":"https:\/\/collified.com\/de\/wp-json\/wp\/v2\/pages\/992619\/revisions"}],"predecessor-version":[{"id":992621,"href":"https:\/\/collified.com\/de\/wp-json\/wp\/v2\/pages\/992619\/revisions\/992621"}],"wp:attachment":[{"href":"https:\/\/collified.com\/de\/wp-json\/wp\/v2\/media?parent=992619"}],"curies":[{"name":"wp","href":"https:\/\/api.w.org\/{rel}","templated":true}]}}