{"id":992622,"date":"2024-03-29T23:15:33","date_gmt":"2024-03-29T23:15:33","guid":{"rendered":"https:\/\/collified.com\/?page_id=992622"},"modified":"2025-01-28T07:57:15","modified_gmt":"2025-01-28T07:57:15","slug":"branchen-die-wir-bedienen","status":"publish","type":"page","link":"https:\/\/collified.com\/de\/branchen-die-wir-bedienen\/","title":{"rendered":"Branchen, die wir bedienen"},"content":{"rendered":"<h1>Branchen, die wir bedienen<\/h1>\n<p>Marketing hat sich im Laufe der Zeit zu einem Berufsfeld entwickelt, das durch verschiedene Fachgebiete definiert wird. Marketingagenturen verf\u00fcgen dabei in bestimmten Bereichen \u00fcber tiefgreifendere Expertise, die sich aus ihrer Erfahrung ergibt. Wir haben uns auf Branchen spezialisiert, die h\u00e4ufig als \u00f6ffentliche Dienstleistungen wahrgenommen werden und deren Marketingm\u00f6glichkeiten durch gesetzliche Vorschriften eingeschr\u00e4nkt sind.<\/p>\n<p>Zu unseren Hauptbranchen geh\u00f6ren Medizin (Gesundheitswesen), Bildung, Pharma und Kosmetik. Was diese Branchen gemeinsam haben, sind Wettbewerbsund Werbebeschr\u00e4nkungen. Unternehmen und Marken in diesen Bereichen k\u00f6nnen, im Gegensatz zu anderen Branchen, nicht ohne weiteres werben und m\u00fcssen ihre Marketingaktivit\u00e4ten mit besonderer Sorgfalt durchf\u00fchren. Ein Versto\u00df gegen gesetzlich vorgeschriebene Standards auf Websites oder Social-Media-Kan\u00e4len kann f\u00fcr diese Unternehmen erhebliche Strafen nach sich ziehen. Beispielsweise k\u00f6nnen Krankenh\u00e4user bei Regelverst\u00f6\u00dfen zun\u00e4chst mit Geldbu\u00dfen und in schwerwiegenden F\u00e4llen sogar mit Schlie\u00dfungsstrafen belegt werden.<\/p>\n<p>Unser Unternehmen ist seit vielen Jahren im Gesundheitssektor t\u00e4tig. Im Rahmen des Marketings f\u00fcr den Gesundheitstourismus bieten wir internationale Suchmaschinenoptimierung (SEO) und Werbemanagement in 51 Sprachen an. Dabei halten wir uns strikt an die gesetzlichen Vorgaben.<\/p>\n<p>\u00c4hnlich unterst\u00fctzen wir auch Unternehmen in den Bereichen Bildung, Pharma und Kosmetik mit umfassenden Marketingl\u00f6sungen. Allerdings ist der Bedarf an Marketing im Bereich des Arzneimittelexports h\u00e4ufig sehr gering oder nicht vorhanden. Ebenso wird internationales Marketing im Bildungssektor kaum genutzt, weshalb in diesen Bereichen SEO in Fremdsprachen oder Werbedienstleistungen meist nicht erforderlich sind. Im Kosmetiksektor hingegen k\u00f6nnen wir selbstverst\u00e4ndlich mehrsprachige Dienstleistungen anbieten.<\/p>\n<p><strong>Gesundheitssektor<\/strong><\/p>\n<p>Der Gesundheitssektor wird aufgrund seiner strengen Regulierungen und seines spezifischen Fachjargons als eine der schwierigsten Branchen im Marketing angesehen. Die Tatsache, dass die angebotenen Dienstleistungen oft unverzichtbar sind und deren Werbung gesetzlich verboten ist, stellt Kliniken und \u00c4rzte vor besondere Herausforderungen.<\/p>\n<p>Doch f\u00fcr erfahrene Teams ist Marketing im Gesundheitswesen keineswegs eine unl\u00f6sbare Aufgabe. Beispielsweise k\u00f6nnen wir in diesem Bereich Suchmaschinenoptimierung (SEO), Social-Media-Management, Werbekampagnen und Content-Marketing fast im Schlaf umsetzen. Dies liegt daran, dass wir seit vielen Jahren in dieser Branche t\u00e4tig sind und umfangreiche Dienstleistungen wie SEO f\u00fcr Gesundheitstourismus, Krankenh\u00e4user, \u00c4rzte, Zahn\u00e4rzte und Kliniken anbieten.<\/p>\n<p>Unser Ansatz basiert sowohl auf den aktuellen gesetzlichen Vorschriften im Inland als auch auf den neuesten Updates der Suchmaschinenund Social-Media-Algorithmen. Dadurch gew\u00e4hrleisten wir, dass unsere Kunden ihre Zielgruppen auf die effektivste Weise erreichen.<\/p>\n<p><strong>Bildungssektor<\/strong><\/p>\n<p>Wir bieten Marketingdienstleistungen f\u00fcr Schulen, private Kinderg\u00e4rten, Universit\u00e4ten sowie alle privaten Bildungsund Lehrinstitute an. Die Vermarktung von Bildungseinrichtungen unterliegt gesetzlichen Vorschriften. Demnach d\u00fcrfen diese Einrichtungen nicht wie gewerbliche Unternehmen Werbung schalten. Innerhalb der gesetzlich vorgegebenen Rahmenbedingungen ist es jedoch gestattet, in bestimmten Zeitr\u00e4umen des Jahres Aktivit\u00e4ten zu organisieren, die dem Bildungsministerium gemeldet werden. \u00dcber diese Ausnahme hinaus ist kommerzielle Werbung nicht erlaubt.<\/p>\n<p>Trotz dieser Einschr\u00e4nkungen k\u00f6nnen Bildungseinrichtungen auf rechtlich konforme Weise Marketing betreiben.<\/p>\n<p>Wir unterst\u00fctzen Bildungseinrichtungen dabei, ihre Zielgruppen m\u00f6glichst umfassend zu erreichen, und bieten Marketingdienstleistungen im Einklang mit den geltenden Vorschriften an. Zu unseren Leistungen geh\u00f6ren die Entwicklung und Optimierung von Websites, die Erstellung von Website-Inhalten, die Bereitstellung von Bildern, die Produktion von Videos, die Einrichtung und Verwaltung von Social-Media-Konten sowie das Management von Werbekampagnen. Unser Ziel ist es, Bildungseinrichtungen mit allen Marketingl\u00f6sungen zu versorgen, die sie f\u00fcr ihren Erfolg ben\u00f6tigen.<\/p>\n<p><strong>Pharmasektor<\/strong><\/p>\n<p>\u00c4hnlich wie im Gesundheitssektor unterliegt auch der Pharmasektor strengen Regularien. Es ist Pharmaunternehmen untersagt, Werbung im klassischen Sinne zu schalten. Anders ausgedr\u00fcckt: Pharmaunternehmen k\u00f6nnen keine Werbung machen wie beispielsweise Waschmittelhersteller. Dennoch k\u00f6nnen sie an marketingbezogenen Aktivit\u00e4ten teilnehmen, die nicht als Werbung gelten.<\/p>\n<p>Wir unterst\u00fctzen Pharmaunternehmen in allen Marketingprozessen, von der Zielgruppenanalyse bis hin zur Entwicklung passender Botschaften. Neben der Datenanalyse \u00fcbernehmen wir auch operative Marketingaktivit\u00e4ten f\u00fcr unsere Kunden, um sie in ihrer Au\u00dfendarstellung effektiv zu unterst\u00fctzen.<\/p>\n<p><strong>Kosmetiksektor<\/strong><\/p>\n<p>Die Kosmetikbranche ist aufgrund ihres hohen Marktvolumens eine Branche mit intensiven Marketingaktivit\u00e4ten. Obwohl sie nicht den strengen Regularien des Gesundheitsund Pharmasektors unterliegt, gibt es auch hier spezifische Protokolle, die eingehalten werden m\u00fcssen.<\/p>\n<p>Dank unserer umfassenden Datens\u00e4tze und Expertise wissen wir, welche Ma\u00dfnahmen f\u00fcr Kosmetikunternehmen wann und in welchem Umfang sinnvoll sind. Dar\u00fcber hinaus f\u00fchren wir aktuelle Analysen durch, um datenbasierte Marketingstrategien zu entwickeln. Wir k\u00f6nnen Kosmetikunternehmen in allen Prozessen unterst\u00fctzen, von E-Commerce-Operationen bis hin zur Steigerung der Markenbekanntheit.<\/p>\n<p>Bieten wir keine Dienstleistungen f\u00fcr andere Branchen an?<\/p>\n<p>Grunds\u00e4tzlich bevorzugen wir es, ausschlie\u00dflich die oben genannten Branchen zu bedienen. Dennoch k\u00f6nnen Sie uns gerne kontaktieren, um herauszufinden, ob wir Ihnen bei Ihren spezifischen Bed\u00fcrfnissen helfen k\u00f6nnen. Obwohl wir uns auf unsere Kernkompetenzen fokussieren, sind wir offen f\u00fcr individuelle Anfragen, sofern sie mit unserem Fachwissen und unseren Prinzipien \u00fcbereinstimmen.<\/p>\n","protected":false},"excerpt":{"rendered":"<p>Branchen, die wir bedienen Marketing hat sich im Laufe der Zeit zu einem Berufsfeld entwickelt, das durch verschiedene Fachgebiete definiert wird. Marketingagenturen verf\u00fcgen dabei in bestimmten Bereichen \u00fcber tiefgreifendere Expertise, die sich aus ihrer Erfahrung ergibt. Wir haben uns auf Branchen spezialisiert, die h\u00e4ufig als \u00f6ffentliche Dienstleistungen wahrgenommen werden und deren Marketingm\u00f6glichkeiten durch gesetzliche Vorschriften [&#8230;]\n","protected":false},"author":3,"featured_media":0,"parent":0,"menu_order":0,"comment_status":"closed","ping_status":"closed","template":"","meta":{"footnotes":""},"class_list":["post-992622","page","type-page","status-publish","hentry"],"_links":{"self":[{"href":"https:\/\/collified.com\/de\/wp-json\/wp\/v2\/pages\/992622","targetHints":{"allow":["GET"]}}],"collection":[{"href":"https:\/\/collified.com\/de\/wp-json\/wp\/v2\/pages"}],"about":[{"href":"https:\/\/collified.com\/de\/wp-json\/wp\/v2\/types\/page"}],"author":[{"embeddable":true,"href":"https:\/\/collified.com\/de\/wp-json\/wp\/v2\/users\/3"}],"replies":[{"embeddable":true,"href":"https:\/\/collified.com\/de\/wp-json\/wp\/v2\/comments?post=992622"}],"version-history":[{"count":2,"href":"https:\/\/collified.com\/de\/wp-json\/wp\/v2\/pages\/992622\/revisions"}],"predecessor-version":[{"id":992624,"href":"https:\/\/collified.com\/de\/wp-json\/wp\/v2\/pages\/992622\/revisions\/992624"}],"wp:attachment":[{"href":"https:\/\/collified.com\/de\/wp-json\/wp\/v2\/media?parent=992622"}],"curies":[{"name":"wp","href":"https:\/\/api.w.org\/{rel}","templated":true}]}}