{"id":992625,"date":"2024-03-29T23:14:50","date_gmt":"2024-03-29T23:14:50","guid":{"rendered":"https:\/\/collified.com\/?page_id=992625"},"modified":"2025-01-28T08:03:13","modified_gmt":"2025-01-28T08:03:13","slug":"sprachen-die-wir-anbieten","status":"publish","type":"page","link":"https:\/\/collified.com\/de\/sprachen-die-wir-anbieten\/","title":{"rendered":"Sprachen, die wir anbieten"},"content":{"rendered":"<h1>Sprachen, die wir anbieten<\/h1>\n<p>Collified ist keine \u00dcbersetzungsagentur. Dennoch ist es f\u00fcr uns unerl\u00e4sslich, Inhalte in den Sprachen der Zielm\u00e4rkte zu erstellen, um internationales digitales Marketing erfolgreich umzusetzen. Aus diesem Grund haben wir in diesem Bereich eine spezialisierte Struktur aufgebaut.<\/p>\n<p>Unter den aktuellen Gegebenheiten k\u00f6nnen wir Inhalte in 51 Sprachen entwickeln und anbieten \u2013 insbesondere im Rahmen von Suchmaschinenoptimierung (SEO), Social-Media-Management, Werbekampagnen-Management, Pressearbeit und anderen Aspekten des digitalen Marketings. So stellen wir sicher, dass unsere Dienstleistungen global und zielgerichtet wirken.<\/p>\n<p><strong>Vollst\u00e4ndig Organische Content-Erstellung<\/strong><\/p>\n<p>Wie Sie wissen, verbietet Google gem\u00e4\u00df den Richtlinien zur Suchmaschinenoptimierung die automatisierte Erstellung von Inhalten. Auch automatische \u00dcbersetzungen entsprechen nicht vollst\u00e4ndig den allgemeinen Richtlinien von Google. Einen Text einfach ins T\u00fcrkische zu verfassen und direkt ins Englische oder eine andere Fremdsprache zu \u00fcbersetzen, erleichtert dessen Ranking nicht. Tats\u00e4chlich k\u00f6nnen solche \u00dcbersetzungen zwar ver\u00f6ffentlicht werden, sie haben jedoch keinen Einfluss auf das Ranking.<\/p>\n<p>Ebenso erzielen Inhalte, die mithilfe von K\u00fcnstlicher Intelligenz (z. B. ChatGPT oder \u00e4hnliche Anwendungen) erstellt werden, keine Rankings in Suchmaschinen. Websites, die solche Inhalte h\u00e4ufig verwenden, laufen sogar Gefahr, abgestraft zu werden.<\/p>\n<p>Wir setzen auf vollst\u00e4ndig organische und originelle Texte. Durch qualitativ hochwertige, benutzerfreundliche Inhalte, die den Prinzipien des Marketings entsprechen, erreichen wir mit unseren SEO-Ma\u00dfnahmen maximale Effizienz.<\/p>\n<p><strong>In welchen Sprachen bieten wir unsere Dienstleistungen an?<\/strong><\/p>\n<p>Ab 2024 bieten wir unsere Dienstleistungen in folgenden Sprachen an: Albanisch, Arabisch, Armenisch, Aserbaidschanisch, Bosnisch, Bruneiisch, Bulgarisch, Chinesisch (vereinfacht), D\u00e4nisch, Deutsch, Englisch, Estnisch, Finnisch, Franz\u00f6sisch, Georgisch, Griechisch, Hebr\u00e4isch, Hindi, Indonesisch, Italienisch, Japanisch, Kasachisch, Katalanisch, Koreanisch, Kroatisch, Kurdisch (Irak), Latein, Lettisch, Maltesisch, Niederl\u00e4ndisch, Norwegisch, Paschtu, Polnisch, Portugiesisch (Brasilien und Portugal), Quechua, Rum\u00e4nisch, Russisch, Schwedisch, Serbisch, Singhalesisch, Slowakisch, Slowenisch, Spanisch, Thail\u00e4ndisch, T\u00fcrkisch, Ukrainisch, Ungarisch, Vietnamesisch und Wei\u00dfrussisch.<\/p>\n<p>In diesen Sprachen bieten wir Content-Entwicklung, SEO, Social-Media-Management, Werbemanagement und \u00dcbersetzungsdienste an.<\/p>\n<p><strong>SEO in Fremdsprachen<\/strong><\/p>\n<p>Suchmaschinenoptimierung (SEO) kann lokal oder international durchgef\u00fchrt werden. Um internationales SEO erfolgreich umzusetzen, ist es notwendig, Inhalte in der jeweiligen Landessprache der Zielm\u00e4rkte zu erstellen. In diesem Kontext unterst\u00fctzen wir unsere Kunden dabei, die ben\u00f6tigten Inhalte zu entwickeln, und \u00fcbernehmen alle SEO-Anforderungen \u2013 inklusive Marktanalysen in den Ziell\u00e4ndern. Auf Wunsch bieten wir auch Dienstleistungen wie Social-Media-Management und Pressemitteilungen in verschiedenen Sprachen an.<\/p>\n<p><strong>Social-Media-Management in Fremdsprachen<\/strong><\/p>\n<p>Social Media geh\u00f6rt zu den wichtigsten Instrumenten moderner digitaler Medien. Webseiten, die nicht ausreichend in sozialen Medien aktiv sind, haben oft eine geringere Effizienz in ihrer Suchmaschinenoptimierung und verlieren dadurch an Markenwert. Unternehmen und Marken, die ihre Produkte und Dienstleistungen in entfernte L\u00e4nder oder benachbarte Regionen exportieren m\u00f6chten, k\u00f6nnen durch Social-Media-Aktivit\u00e4ten in der Landessprache der Zielm\u00e4rkte ihre digitale Marketingeffektivit\u00e4t deutlich steigern. Aus diesem Grund bieten wir unseren Kunden diesen Service an, um ihre internationale Pr\u00e4senz zu st\u00e4rken und ihre digitale Reichweite zu maximieren.<\/p>\n<p><strong>Pressemitteilungen in Fremdsprachen<\/strong><\/p>\n<p>Pressemitteilungen geh\u00f6ren zu den zentralen Elementen der traditionellen Medien, die in die digitale Welt \u00fcbertragen wurden. Unternehmen und Marken nutzen diese Methode h\u00e4ufig, um ihre Bekanntheit zu steigern und ihre Marketingaktivit\u00e4ten zu st\u00e4rken. Pressemitteilungen tragen nicht nur zur Markenbekanntheit bei, sondern f\u00f6rdern auch die Suchmaschinenoptimierung des Unternehmens. Mithilfe unserer Partnernetzwerke erstellen und ver\u00f6ffentlichen wir Pressemitteilungen im Namen unserer Kunden.<\/p>\n<p>Allerdings ist es nicht in allen der von uns angebotenen 51 Sprachen m\u00f6glich, Pressemitteilungen zu ver\u00f6ffentlichen, da es in manchen Sprachen keine entsprechenden Medienplattformen gibt. Daher bitten wir Sie, uns im Vorfeld zu kontaktieren, um genauere Informationen zu erhalten.<\/p>\n<p><strong>Entwicklung von Werbetexten in Fremdsprachen<\/strong><\/p>\n<p>Bei der Ver\u00f6ffentlichung von Googleoder Social-Media-Anzeigen ist es entscheidend, dass die Werbetexte und Slogans in der Landessprache der Zielm\u00e4rkte verfasst sind. Besonders f\u00fcr den internationalen Markt ist dies unverzichtbar. Wir entwickeln f\u00fcr unsere Kunden ma\u00dfgeschneiderte Werbetexte und Slogans und bieten diesen Service in allen von uns abgedeckten Sprachen an.<\/p>\n<p><strong>Content-Marketing in Fremdsprachen<\/strong><\/p>\n<p>Content-Marketing in Fremdsprachen ist eine Dienstleistung, die wir nicht nur f\u00fcr unsere bestehenden SEOund Marketingkunden, sondern auch f\u00fcr Kunden anbieten, die ausschlie\u00dflich Inhalte ben\u00f6tigen. Dieser Service ist in allen Sprachen verf\u00fcgbar, in denen wir Content-Erstellung anbieten.<\/p>\n<p>Um diesen Service in Anspruch zu nehmen, bitten wir Sie, sich vorher mit uns in Verbindung zu setzen, um Informationen zu unseren Kapazit\u00e4ten zu erhalten. Preisdetails f\u00fcr SEO und Content-Erstellung in Fremdsprachen k\u00f6nnen Sie per E-Mail oder telefonisch bei uns erfragen.<\/p>\n<p>Wir sind stolz darauf, sagen zu k\u00f6nnen, dass Collified eines der weltweit f\u00fchrenden Unternehmen im Bereich der Content-Erstellung ist. Unser Team besteht aus hochqualifizierten Fachkr\u00e4ften, die stets auf dem neuesten Stand der Entwicklungen sind und unsere Content-Strategien kontinuierlich anpassen, um optimale Ergebnisse zu gew\u00e4hrleisten.<\/p>\n","protected":false},"excerpt":{"rendered":"<p>Sprachen, die wir anbieten Collified ist keine \u00dcbersetzungsagentur. Dennoch ist es f\u00fcr uns unerl\u00e4sslich, Inhalte in den Sprachen der Zielm\u00e4rkte zu erstellen, um internationales digitales Marketing erfolgreich umzusetzen. Aus diesem Grund haben wir in diesem Bereich eine spezialisierte Struktur aufgebaut. Unter den aktuellen Gegebenheiten k\u00f6nnen wir Inhalte in 51 Sprachen entwickeln und anbieten \u2013 insbesondere [&#8230;]\n","protected":false},"author":3,"featured_media":0,"parent":0,"menu_order":0,"comment_status":"closed","ping_status":"closed","template":"","meta":{"footnotes":""},"class_list":["post-992625","page","type-page","status-publish","hentry"],"_links":{"self":[{"href":"https:\/\/collified.com\/de\/wp-json\/wp\/v2\/pages\/992625","targetHints":{"allow":["GET"]}}],"collection":[{"href":"https:\/\/collified.com\/de\/wp-json\/wp\/v2\/pages"}],"about":[{"href":"https:\/\/collified.com\/de\/wp-json\/wp\/v2\/types\/page"}],"author":[{"embeddable":true,"href":"https:\/\/collified.com\/de\/wp-json\/wp\/v2\/users\/3"}],"replies":[{"embeddable":true,"href":"https:\/\/collified.com\/de\/wp-json\/wp\/v2\/comments?post=992625"}],"version-history":[{"count":2,"href":"https:\/\/collified.com\/de\/wp-json\/wp\/v2\/pages\/992625\/revisions"}],"predecessor-version":[{"id":992627,"href":"https:\/\/collified.com\/de\/wp-json\/wp\/v2\/pages\/992625\/revisions\/992627"}],"wp:attachment":[{"href":"https:\/\/collified.com\/de\/wp-json\/wp\/v2\/media?parent=992625"}],"curies":[{"name":"wp","href":"https:\/\/api.w.org\/{rel}","templated":true}]}}