{"id":992775,"date":"2024-11-27T11:51:00","date_gmt":"2024-11-27T11:51:00","guid":{"rendered":"https:\/\/collified.com\/?page_id=992775"},"modified":"2025-01-28T08:28:56","modified_gmt":"2025-01-28T08:28:56","slug":"bewertungen","status":"publish","type":"page","link":"https:\/\/collified.com\/de\/ueber-uns\/bewertungen\/","title":{"rendered":"Bewertungen"},"content":{"rendered":"\t<section class=\"section\" id=\"section_1762380819\">\n\t\t<div class=\"bg section-bg fill bg-fill  bg-loaded\" >\n\n\t\t\t\n\t\t\t\n\t\t\t\n\n\t\t<\/div>\n\n\t\t\n\n\t\t<div class=\"section-content relative\">\n\t\t\t\n  <div id=\"page-header-1364075469\" class=\"page-header-wrapper\">\n  <div class=\"page-title light simple-title\">\n\n    \n    <div class=\"page-title-inner container align-center flex-row medium-flex-wrap\" >\n              <div class=\"title-wrapper flex-col text-left medium-text-center\">\n          <h1 class=\"entry-title mb-0\">\n            Bewertungen          <\/h1>\n        <\/div>\n                    <div class=\"title-content flex-col flex-right text-right medium-text-center\">\n        <div class=\"title-breadcrumbs pb-half pt-half\"><\/div>      <\/div>\n    <\/div>\n\n       <\/div>\n    <\/div>\n  \n\t\t<\/div>\n\n\t\t\n<style>\n#section_1762380819 {\n  padding-top: 30px;\n  padding-bottom: 30px;\n  background-color: rgb(255,255,255);\n}\n<\/style>\n\t<\/section>\n\t\n\t<section class=\"section\" id=\"section_1872748845\">\n\t\t<div class=\"bg section-bg fill bg-fill  bg-loaded\" >\n\n\t\t\t\n\t\t\t\n\t\t\t\n\n\t\t<\/div>\n\n\t\t\n\n\t\t<div class=\"section-content relative\">\n\t\t\t\n<div class=\"row align-equal\"  id=\"row-919211273\">\n\n\t<div id=\"col-144304651\" class=\"col anasayfa-yorum medium-4 small-12 large-4\"  >\n\t\t\t\t<div class=\"col-inner box-shadow-2\"  >\n\t\t\t\n\t\t\t\n\t<div id=\"text-180779356\" class=\"text\">\n\t\t\n<p><span style=\"font-size: 130%;\"><strong>Tuna Kat\u0131rc\u0131ba\u015f\u0131<\/strong><\/span><\/p>\n<p>Wenn Sie nach Webdesign, insbesondere SEO-Arbeiten, Google-Werbung oder sogar einem Social-Media-Manager suchen, empfehle ich Ihnen unbedingt, mit Herrn \u00d6mer zu sprechen. Sie haben eine kundenorientierte Einstellung (statt sich nur auf Geld zu konzentrieren), was die erste Regel des Handels ist. Man sp\u00fcrt die Einstellung, dass sie darauf abzielen, den Kunden zufrieden zu stellen, und dann kommt der Gewinn von selbst. Au\u00dferdem sind sie sehr erreichbar, aufmerksam und geben schnelle R\u00fcckmeldungen, was weitere Pluspunkte sind.<\/p>\n\t\t\n<style>\n#text-180779356 {\n  color: rgb(0,0,0);\n}\n#text-180779356 > * {\n  color: rgb(0,0,0);\n}\n<\/style>\n\t<\/div>\n\t\n\t\t<\/div>\n\t\t\t\t\t<\/div>\n\n\t\n\n\t<div id=\"col-1778581140\" class=\"col anasayfa-yorum medium-4 small-12 large-4\"  >\n\t\t\t\t<div class=\"col-inner box-shadow-2\"  >\n\t\t\t\n\t\t\t\n\t<div id=\"text-2858256432\" class=\"text\">\n\t\t\n<p><span style=\"font-size: 130%;\"><strong>Dr. Yetkin Bayer Hairtransplant surgeon<\/strong><\/span><\/p>\n<p>Ich habe etwa drei Jahre lang SEO-Dienstleistungen in Arabisch, Englisch, Franz\u00f6sisch und Russisch in Anspruch genommen. In dieser Zeit waren sie nicht nur sehr aufmerksam, sondern wir haben auch die Fr\u00fcchte unserer Arbeit reichlich geerntet. Sie sind engagierte und ehrliche Menschen, die Wert darauf legen, auf dem neuesten Stand zu bleiben.<\/p>\n\t\t\n<style>\n#text-2858256432 {\n  color: rgb(0,0,0);\n}\n#text-2858256432 > * {\n  color: rgb(0,0,0);\n}\n<\/style>\n\t<\/div>\n\t\n\t\t<\/div>\n\t\t\t\t\t<\/div>\n\n\t\n\n\t<div id=\"col-64703385\" class=\"col anasayfa-yorum medium-4 small-12 large-4\"  >\n\t\t\t\t<div class=\"col-inner box-shadow-2\"  >\n\t\t\t\n\t\t\t\n\t<div id=\"text-3134623936\" class=\"text\">\n\t\t\n<p><span style=\"font-size: 130%;\"><strong>Tayfun T\u00fcrkaslan<\/strong><\/span><\/p>\n<p>Seit \u00fcber einem Jahr erhalten wir monatlich sowohl SEO- als auch Werbemanagement-Dienstleistungen. Wir sind als Team sehr zufrieden mit ihnen. Dank der Effizienz unserer Zusammenarbeit erhalten wir regelm\u00e4\u00dfig Anfragen. Sie schaffen mit kreativen Designs auch originelle Arbeiten.<\/p>\n\t\t\n<style>\n#text-3134623936 {\n  color: rgb(0,0,0);\n}\n#text-3134623936 > * {\n  color: rgb(0,0,0);\n}\n<\/style>\n\t<\/div>\n\t\n\t\t<\/div>\n\t\t\t\t\t<\/div>\n\n\t\n\n\t<div id=\"col-351193360\" class=\"col anasayfa-yorum medium-3 small-12 large-3\"  >\n\t\t\t\t<div class=\"col-inner box-shadow-2\"  >\n\t\t\t\n\t\t\t\n\t<div id=\"text-4287980292\" class=\"text\">\n\t\t\n<p><span style=\"font-size: 130%;\"><strong>Sude Er<\/strong><\/span><\/p>\n<p>Ich hatte zuvor versucht, allein \u00fcber Instagram Werbung zu schalten, aber keine sehr positiven Ergebnisse erzielt. Deshalb z\u00f6gerte ich, ein Budget f\u00fcr diesen Bereich bereitzustellen. Doch als ich die Collified-Agentur und ihre zufriedenen Kunden sah, entschied ich mich, es professionell zu versuchen. Es war die beste Entscheidung, die ich getroffen habe. W\u00e4hrend des Prozesses optimierten sie meine Seite und die Werbung auf die bestm\u00f6gliche Weise, indem sie st\u00e4ndig mit mir kommunizierten und die Statistiken analysierten. Wir arbeiten seit drei Monaten zusammen, und jeden Monat steigen meine Kundenanfragen weiter. Wenn Ihr Umsatz steigt, lohnt sich das Budget f\u00fcr Werbung wirklich. Vielen Dank an das Team, ich bin froh, mit Ihnen zusammenzuarbeiten! \ud83d\ude4f\ud83c\udffb<\/p>\n\t\t\n<style>\n#text-4287980292 {\n  color: rgb(0,0,0);\n}\n#text-4287980292 > * {\n  color: rgb(0,0,0);\n}\n<\/style>\n\t<\/div>\n\t\n\t\t<\/div>\n\t\t\t\t\t<\/div>\n\n\t\n\n\t<div id=\"col-426115976\" class=\"col anasayfa-yorum medium-3 small-12 large-3\"  >\n\t\t\t\t<div class=\"col-inner box-shadow-2\"  >\n\t\t\t\n\t\t\t\n\t<div id=\"text-1665408509\" class=\"text\">\n\t\t\n<p><span style=\"font-size: 130%;\"><strong>Gizem Aygun<\/strong><\/span><\/p>\n<p>Seit \u00fcber einem Jahr erhalten wir monatlich sowohl SEO- als auch Werbemanagement-Dienstleistungen. Wir sind als Team sehr zufrieden mit ihnen. Dank der Effizienz unserer Zusammenarbeit erhalten wir regelm\u00e4\u00dfig Anfragen. Sie schaffen mit kreativen Designs auch originelle Arbeiten.<\/p>\n\t\t\n<style>\n#text-1665408509 {\n  color: rgb(0,0,0);\n}\n#text-1665408509 > * {\n  color: rgb(0,0,0);\n}\n<\/style>\n\t<\/div>\n\t\n\t\t<\/div>\n\t\t\t\t\t<\/div>\n\n\t\n\n\t<div id=\"col-190149989\" class=\"col anasayfa-yorum medium-3 small-12 large-3\"  >\n\t\t\t\t<div class=\"col-inner box-shadow-2\"  >\n\t\t\t\n\t\t\t\n\t<div id=\"text-1278749685\" class=\"text\">\n\t\t\n<p><span style=\"font-size: 130%;\"><strong>White Hollywood Dental<\/strong><\/span><\/p>\n<p>Wir arbeiten seit etwa zwei Jahren mit Herrn \u00d6mer zusammen. Dank der von ihm durchgef\u00fchrten SEO-Arbeiten bekommen wir Patienten aus Deutschland und \u00d6sterreich. Seine Aufmerksamkeit und Intelligenz bringen unserer Klinik gro\u00dfen Nutzen.<\/p>\n\t\t\n<style>\n#text-1278749685 {\n  color: rgb(0,0,0);\n}\n#text-1278749685 > * {\n  color: rgb(0,0,0);\n}\n<\/style>\n\t<\/div>\n\t\n\t\t<\/div>\n\t\t\t\t\t<\/div>\n\n\t\n\n\t<div id=\"col-405690558\" class=\"col anasayfa-yorum medium-3 small-12 large-3\"  >\n\t\t\t\t<div class=\"col-inner box-shadow-2\"  >\n\t\t\t\n\t\t\t\n\t<div id=\"text-1111338607\" class=\"text\">\n\t\t\n<p><span style=\"font-size: 130%;\"><strong>Sunay Cafer<\/strong><\/span><\/p>\n<p>Obwohl wir erst vor kurzem begonnen haben, zusammenzuarbeiten, sind wir bereits ein gro\u00dfartiges Team geworden. Sie sind wunderbare Menschen, die ihre Arbeit sehr gut machen, und sie arbeiten \u00e4u\u00dferst professionell. Zum Gl\u00fcck haben wir uns f\u00fcr sie entschieden. \ud83d\ude4f<\/p>\n\t\t\n<style>\n#text-1111338607 {\n  color: rgb(0,0,0);\n}\n#text-1111338607 > * {\n  color: rgb(0,0,0);\n}\n<\/style>\n\t<\/div>\n\t\n\t\t<\/div>\n\t\t\t\t\t<\/div>\n\n\t\n\n<style>\n#row-919211273 > .col > .col-inner {\n  padding: 20px 20px 10px 20px;\n}\n<\/style>\n<\/div>\n\t\t<\/div>\n\n\t\t\n<style>\n#section_1872748845 {\n  padding-top: 30px;\n  padding-bottom: 30px;\n}\n<\/style>\n\t<\/section>\n\t\n","protected":false},"excerpt":{"rendered":"","protected":false},"author":3,"featured_media":0,"parent":992616,"menu_order":0,"comment_status":"closed","ping_status":"closed","template":"page-blank.php","meta":{"footnotes":""},"class_list":["post-992775","page","type-page","status-publish","hentry"],"_links":{"self":[{"href":"https:\/\/collified.com\/de\/wp-json\/wp\/v2\/pages\/992775","targetHints":{"allow":["GET"]}}],"collection":[{"href":"https:\/\/collified.com\/de\/wp-json\/wp\/v2\/pages"}],"about":[{"href":"https:\/\/collified.com\/de\/wp-json\/wp\/v2\/types\/page"}],"author":[{"embeddable":true,"href":"https:\/\/collified.com\/de\/wp-json\/wp\/v2\/users\/3"}],"replies":[{"embeddable":true,"href":"https:\/\/collified.com\/de\/wp-json\/wp\/v2\/comments?post=992775"}],"version-history":[{"count":2,"href":"https:\/\/collified.com\/de\/wp-json\/wp\/v2\/pages\/992775\/revisions"}],"predecessor-version":[{"id":992777,"href":"https:\/\/collified.com\/de\/wp-json\/wp\/v2\/pages\/992775\/revisions\/992777"}],"up":[{"embeddable":true,"href":"https:\/\/collified.com\/de\/wp-json\/wp\/v2\/pages\/992616"}],"wp:attachment":[{"href":"https:\/\/collified.com\/de\/wp-json\/wp\/v2\/media?parent=992775"}],"curies":[{"name":"wp","href":"https:\/\/api.w.org\/{rel}","templated":true}]}}