{"id":992782,"date":"2024-03-29T22:01:34","date_gmt":"2024-03-29T22:01:34","guid":{"rendered":"https:\/\/collified.com\/?page_id=992782"},"modified":"2025-01-28T08:41:48","modified_gmt":"2025-01-28T08:41:48","slug":"kontakt","status":"publish","type":"page","link":"https:\/\/collified.com\/de\/kontakt\/","title":{"rendered":"Kontakt"},"content":{"rendered":"\t<section class=\"section\" id=\"section_404919649\">\n\t\t<div class=\"bg section-bg fill bg-fill  bg-loaded\" >\n\n\t\t\t\n\t\t\t\n\t\t\t\n\n\t\t<\/div>\n\n\t\t\n\n\t\t<div class=\"section-content relative\">\n\t\t\t\n\n<p><iframe loading=\"lazy\" style=\"border: 0;\" src=\"https:\/\/www.google.com\/maps\/embed?pb=!1m18!1m12!1m3!1d3123.6059987591666!2d27.099298582345405!3d38.47365649894598!2m3!1f0!2f0!3f0!3m2!1i1024!2i768!4f13.1!3m3!1m2!1s0x14bbd9de0d001029%3A0xb4299158ee853deb!2zRGVkZWJhxZ_EsSwgNjEwMS4gU2suIE5vOjQsIDM1NTYwIEthcsWfxLF5YWthL8Swem1pcg!5e0!3m2!1str!2str!4v1714686238983!5m2!1str!2str\" width=\"100%\" height=\"500\" allowfullscreen=\"allowfullscreen\" data-mce-fragment=\"1\"><\/iframe><br \/>\n\n\t<div id=\"gap-2143439624\" class=\"gap-element clearfix\" style=\"display:block; height:auto;\">\n\t\t\n<style>\n#gap-2143439624 {\n  padding-top: 3%;\n}\n<\/style>\n\t<\/div>\n\t\n<div class=\"row align-middle\"  id=\"row-559549650\">\n\n\t<div id=\"col-1193847720\" class=\"col medium-6 small-12 large-6\"  >\n\t\t\t\t<div class=\"col-inner\"  >\n\t\t\t\n\t\t\t\n\t<div id=\"text-4018916600\" class=\"text\">\n\t\t\n<p><span style=\"font-size: 150%;\"><strong><span style=\"color: #aeaeae;\">Kontaktieren Sie uns!<\/span><\/strong><\/span><\/p>\n<p><span style=\"color: #aeaeae;\">Telefon: <a style=\"color: #aeaeae;\" href=\"tel:+905325148325\">+90 532 514 83 25<\/a><\/span><\/p>\n<p><span style=\"color: #aeaeae;\"><a style=\"color: #aeaeae;\" role=\"button\" href=\"mailto: iletisim@collified.com\">E-mail: iletisim@collified.com<br \/><\/a><\/span><\/p>\n<p><span style=\"color: #aeaeae;\">Adresse: Dedeba\u015f\u0131 Mahallesi, 6102 Sokak, Kar\u015f\u0131yaka \/ \u0130zmir<\/span><\/p>\n\t\t\n<style>\n#text-4018916600 {\n  font-size: 1.2rem;\n  color: rgb(174, 174, 174);\n}\n#text-4018916600 > * {\n  color: rgb(174, 174, 174);\n}\n<\/style>\n\t<\/div>\n\t\n\t\t<\/div>\n\t\t\t\t\t<\/div>\n\n\t\n\n\t<div id=\"col-2086430148\" class=\"col form-iletisim medium-6 small-12 large-6\"  >\n\t\t\t\t<div class=\"col-inner\" style=\"background-color:rgb(255,255,255);\" >\n\t\t\t\n\t\t\t\n\n<div class=\"wpcf7 no-js\" id=\"wpcf7-f992781-o1\" lang=\"tr-TR\" dir=\"ltr\" data-wpcf7-id=\"992781\">\n<div class=\"screen-reader-response\"><p role=\"status\" aria-live=\"polite\" aria-atomic=\"true\"><\/p> <ul><\/ul><\/div>\n<form action=\"\/de\/wp-json\/wp\/v2\/pages\/992782#wpcf7-f992781-o1\" method=\"post\" class=\"wpcf7-form init\" aria-label=\"\u0130leti\u015fim Formu\" novalidate=\"novalidate\" data-status=\"init\">\n<fieldset class=\"hidden-fields-container\"><input type=\"hidden\" name=\"_wpcf7\" value=\"992781\" \/><input type=\"hidden\" name=\"_wpcf7_version\" value=\"6.1.4\" \/><input type=\"hidden\" name=\"_wpcf7_locale\" value=\"tr_TR\" \/><input type=\"hidden\" name=\"_wpcf7_unit_tag\" value=\"wpcf7-f992781-o1\" \/><input type=\"hidden\" name=\"_wpcf7_container_post\" value=\"0\" \/><input type=\"hidden\" name=\"_wpcf7_posted_data_hash\" value=\"\" \/>\n<\/fieldset>\n<p><label> Ihr Name und Nachname<br \/>\n<span class=\"wpcf7-form-control-wrap\" data-name=\"your-name\"><input size=\"40\" maxlength=\"400\" class=\"wpcf7-form-control wpcf7-text wpcf7-validates-as-required\" autocomplete=\"name\" aria-required=\"true\" aria-invalid=\"false\" value=\"\" type=\"text\" name=\"your-name\" \/><\/span> <\/label>\n<\/p>\n<p><label> Ihre E-Mail-Adresse<br \/>\n<span class=\"wpcf7-form-control-wrap\" data-name=\"your-email\"><input size=\"40\" maxlength=\"400\" class=\"wpcf7-form-control wpcf7-email wpcf7-validates-as-required wpcf7-text wpcf7-validates-as-email\" autocomplete=\"email\" aria-required=\"true\" aria-invalid=\"false\" value=\"\" type=\"email\" name=\"your-email\" \/><\/span> <\/label><br \/>\n<label> Telefonnummer<br \/>\n<span class=\"wpcf7-form-control-wrap\" data-name=\"tel-571\"><input size=\"40\" maxlength=\"400\" class=\"wpcf7-form-control wpcf7-tel wpcf7-text wpcf7-validates-as-tel\" aria-invalid=\"false\" value=\"\" type=\"tel\" name=\"tel-571\" \/><\/span> <\/label>\n<\/p>\n<p><label> Betreff<br \/>\n<span class=\"wpcf7-form-control-wrap\" data-name=\"your-subject\"><input size=\"40\" maxlength=\"400\" class=\"wpcf7-form-control wpcf7-text wpcf7-validates-as-required\" aria-required=\"true\" aria-invalid=\"false\" value=\"\" type=\"text\" name=\"your-subject\" \/><\/span> <\/label>\n<\/p>\n<p><label> Nachricht (optional)<br \/>\n<span class=\"wpcf7-form-control-wrap\" data-name=\"your-message\"><textarea cols=\"40\" rows=\"10\" maxlength=\"2000\" class=\"wpcf7-form-control wpcf7-textarea\" aria-invalid=\"false\" name=\"your-message\"><\/textarea><\/span> <\/label>\n<\/p>\n<p><input class=\"wpcf7-form-control wpcf7-submit has-spinner\" type=\"submit\" value=\"Schicken\" \/>\n<\/p><p style=\"display: none !important;\" class=\"akismet-fields-container\" data-prefix=\"_wpcf7_ak_\"><label>&#916;<textarea name=\"_wpcf7_ak_hp_textarea\" cols=\"45\" rows=\"8\" maxlength=\"100\"><\/textarea><\/label><input type=\"hidden\" id=\"ak_js_1\" name=\"_wpcf7_ak_js\" value=\"161\"\/><script>document.getElementById( \"ak_js_1\" ).setAttribute( \"value\", ( new Date() ).getTime() );<\/script><\/p><div class=\"wpcf7-response-output\" aria-hidden=\"true\"><\/div>\n<\/form>\n<\/div>\n\n\t\t<\/div>\n\t\t\t\t\n<style>\n#col-2086430148 > .col-inner {\n  padding: 20px 20px 20px 20px;\n  border-radius: 20px;\n}\n<\/style>\n\t<\/div>\n\n\t\n\n<style>\n#row-559549650 > .col > .col-inner {\n  padding: 30px 30px 30px 30px;\n}\n<\/style>\n<\/div>\n\t\t<\/div>\n\n\t\t\n<style>\n#section_404919649 {\n  padding-top: 0px;\n  padding-bottom: 0px;\n  background-color: rgb(0,0,0);\n}\n<\/style>\n\t<\/section>\n\t\n","protected":false},"excerpt":{"rendered":"","protected":false},"author":3,"featured_media":0,"parent":0,"menu_order":0,"comment_status":"closed","ping_status":"closed","template":"page-blank.php","meta":{"footnotes":""},"class_list":["post-992782","page","type-page","status-publish","hentry"],"_links":{"self":[{"href":"https:\/\/collified.com\/de\/wp-json\/wp\/v2\/pages\/992782","targetHints":{"allow":["GET"]}}],"collection":[{"href":"https:\/\/collified.com\/de\/wp-json\/wp\/v2\/pages"}],"about":[{"href":"https:\/\/collified.com\/de\/wp-json\/wp\/v2\/types\/page"}],"author":[{"embeddable":true,"href":"https:\/\/collified.com\/de\/wp-json\/wp\/v2\/users\/3"}],"replies":[{"embeddable":true,"href":"https:\/\/collified.com\/de\/wp-json\/wp\/v2\/comments?post=992782"}],"version-history":[{"count":2,"href":"https:\/\/collified.com\/de\/wp-json\/wp\/v2\/pages\/992782\/revisions"}],"predecessor-version":[{"id":992784,"href":"https:\/\/collified.com\/de\/wp-json\/wp\/v2\/pages\/992782\/revisions\/992784"}],"wp:attachment":[{"href":"https:\/\/collified.com\/de\/wp-json\/wp\/v2\/media?parent=992782"}],"curies":[{"name":"wp","href":"https:\/\/api.w.org\/{rel}","templated":true}]}}